{"id":4553,"date":"2021-04-08T13:54:12","date_gmt":"2021-04-08T11:54:12","guid":{"rendered":"http:\/\/150.140.135.22\/wordpress\/?page_id=4553"},"modified":"2024-02-08T10:39:36","modified_gmt":"2024-02-08T08:39:36","slug":"christoforoy-zoi","status":"publish","type":"page","link":"https:\/\/www.civil.upatras.gr\/index.php\/christoforoy-zoi\/","title":{"rendered":"\u03a7\u03c1\u03b9\u03c3\u03c4\u03bf\u03c6\u03cc\u03c1\u03bf\u03c5 \u0396\u03c9\u03ae"},"content":{"rendered":"<div class=\"fusion-fullwidth fullwidth-box fusion-builder-row-1 fusion-flex-container nonhundred-percent-fullwidth non-hundred-percent-height-scrolling\" style=\"--awb-border-radius-top-left:0px;--awb-border-radius-top-right:0px;--awb-border-radius-bottom-right:0px;--awb-border-radius-bottom-left:0px;--awb-flex-wrap:wrap;\" ><div class=\"fusion-builder-row fusion-row fusion-flex-align-items-flex-start fusion-flex-content-wrap\" style=\"max-width:1331.2px;margin-left: calc(-4% \/ 2 );margin-right: calc(-4% \/ 2 );\"><div class=\"fusion-layout-column fusion_builder_column fusion-builder-column-0 fusion_builder_column_1_6 1_6 fusion-flex-column\" style=\"--awb-bg-size:cover;--awb-width-large:16.666666666667%;--awb-margin-top-large:10px;--awb-spacing-right-large:11.52%;--awb-margin-bottom-large:10px;--awb-spacing-left-large:11.52%;--awb-width-medium:16.666666666667%;--awb-order-medium:0;--awb-spacing-right-medium:11.52%;--awb-spacing-left-medium:11.52%;--awb-width-small:100%;--awb-order-small:0;--awb-spacing-right-small:1.92%;--awb-spacing-left-small:1.92%;\"><div class=\"fusion-column-wrapper fusion-column-has-shadow fusion-flex-justify-content-flex-start fusion-content-layout-column\"><\/div><\/div><div class=\"fusion-layout-column fusion_builder_column fusion-builder-column-1 fusion_builder_column_5_6 5_6 fusion-flex-column\" style=\"--awb-padding-top:40px;--awb-bg-size:cover;--awb-width-large:83.333333333333%;--awb-margin-top-large:10px;--awb-spacing-right-large:2.304%;--awb-margin-bottom-large:10px;--awb-spacing-left-large:2.304%;--awb-width-medium:83.333333333333%;--awb-order-medium:0;--awb-spacing-right-medium:2.304%;--awb-spacing-left-medium:2.304%;--awb-width-small:100%;--awb-order-small:0;--awb-spacing-right-small:1.92%;--awb-spacing-left-small:1.92%;\"><div class=\"fusion-column-wrapper fusion-column-has-shadow fusion-flex-justify-content-flex-start fusion-content-layout-column\">\n<table style=\"width: 70%;\">\n<tbody>\n<tr>\n<th align=\"left\">\n<h2 style=\"text-align: left;\">\u03a7\u03c1\u03b9\u03c3\u03c4\u03bf\u03c6\u03cc\u03c1\u03bf\u03c5 \u0396\u03c9\u03ae<\/h2>\n<\/th>\n<th align=\"left\">\u00a0<\/th>\n<\/tr>\n<\/tbody>\n<tbody>\n<tr>\n<td align=\"left\"><img decoding=\"async\" class=\"alignnone size-full wp-image-4961\" src=\"https:\/\/www.civil.upatras.gr\/wp-content\/uploads\/2021\/05\/10-Zoi-Christoforou_300x275.jpg\" alt=\"Christoforou_300x275\" width=\"300\" height=\"275\" srcset=\"https:\/\/www.civil.upatras.gr\/wp-content\/uploads\/2021\/05\/10-Zoi-Christoforou_300x275-200x183.jpg 200w, https:\/\/www.civil.upatras.gr\/wp-content\/uploads\/2021\/05\/10-Zoi-Christoforou_300x275.jpg 300w\" sizes=\"(max-width: 300px) 100vw, 300px\" \/><\/td>\n<td align=\"left\">\n<div class=\"table-1\">\n<div class=\"table-1\">\n<div class=\"fusion-text fusion-text-1\" style=\"--awb-content-alignment:left;\"><p>\u0391\u03bd\u03b1\u03c0\u03bb\u03b7\u03c1\u03ce\u03c4\u03c1\u03b9\u03b1 \u039a\u03b1\u03b8\u03b7\u03b3\u03ae\u03c4\u03c1\u03b9\u03b1<br \/>\u03a4\u03bc\u03ae\u03bc\u03b1 \u03a0\u03bf\u03bb\u03b9\u03c4\u03b9\u03ba\u03ce\u03bd \u039c\u03b7\u03c7\u03b1\u03bd\u03b9\u03ba\u03ce\u03bd<br \/>\u03a0\u03b1\u03bd\u03b5\u03c0\u03b9\u03c3\u03c4\u03ae\u03bc\u03b9\u03bf \u03a0\u03b1\u03c4\u03c1\u03ce\u03bd<br \/>26504, \u03a1\u03af\u03bf<br \/>\u03a4\u03b7\u03bb\u03ad\u03c6\u03c9\u03bd\u03bf: 2610 996523<br \/><a class=\"font11_blue\" href=\"mailto:zoi.christoforou@upatras.gr\">zoi.christoforou@upatras.gr<\/a><\/p>\n<\/div>\n<div class=\"table-1\">\u00a0<\/div>\n<div class=\"table-1\">\u00a0<\/div>\n<div class=\"table-1\">\u00a0<\/div>\n<\/div>\n<\/div>\n<\/td>\n<\/tr>\n<\/tbody>\n<\/table>\n<p><!--more--><\/p>\n<div class=\"fusion-tabs fusion-tabs-1 clean nav-is-justified horizontal-tabs icon-position-left mobile-mode-accordion\" style=\"--awb-title-border-radius-top-left:0px;--awb-title-border-radius-top-right:0px;--awb-title-border-radius-bottom-right:0px;--awb-title-border-radius-bottom-left:0px;--awb-inactive-color:#f1f2f2;--awb-background-color:#ffffff;--awb-border-color:#ede8e8;--awb-active-border-color:#58595b;\"><div class=\"nav\"><ul class=\"nav-tabs nav-justified\" role=\"tablist\" aria-orientation=\"horizontal\"><li class=\"active\" role=\"presentation\"><a class=\"tab-link\" data-toggle=\"tab\" role=\"tab\" aria-controls=\"tab-726ab55956efa5d6f41\" aria-selected=\"true\" tabindex=\"0\" id=\"fusion-tab-726ab55956efa5d6f41\" href=\"#tab-726ab55956efa5d6f41\"><h4 class=\"fusion-tab-heading\">\u0392\u03b9\u03bf\u03b3\u03c1\u03b1\u03c6\u03b9\u03ba\u03cc<\/h4><\/a><\/li><li  role=\"presentation\"><a class=\"tab-link\" data-toggle=\"tab\" role=\"tab\" aria-controls=\"tab-836b34a19bab35c602a\" aria-selected=\"false\" tabindex=\"-1\" id=\"fusion-tab-836b34a19bab35c602a\" href=\"#tab-836b34a19bab35c602a\"><h4 class=\"fusion-tab-heading\">\u0395\u03c0\u03b9\u03bb\u03b5\u03b3\u03bc\u03ad\u03bd\u03b5\u03c2 \u03b4\u03b7\u03bc\u03bf\u03c3\u03b9\u03b5\u03cd\u03c3\u03b5\u03b9\u03c2<\/h4><\/a><\/li><li  role=\"presentation\"><a class=\"tab-link\" data-toggle=\"tab\" role=\"tab\" aria-controls=\"tab-4c0e174e8bd2382cb70\" aria-selected=\"false\" tabindex=\"-1\" id=\"fusion-tab-4c0e174e8bd2382cb70\" href=\"#tab-4c0e174e8bd2382cb70\"><h4 class=\"fusion-tab-heading\">\u039c\u03b1\u03b8\u03ae\u03bc\u03b1\u03c4\u03b1<\/h4><\/a><\/li><\/ul><\/div><div class=\"tab-content\"><div class=\"nav fusion-mobile-tab-nav\"><ul class=\"nav-tabs nav-justified\" role=\"tablist\" aria-orientation=\"horizontal\"><li class=\"active\" role=\"presentation\"><a class=\"tab-link\" data-toggle=\"tab\" role=\"tab\" aria-controls=\"tab-726ab55956efa5d6f41\" aria-selected=\"true\" tabindex=\"0\" id=\"mobile-fusion-tab-726ab55956efa5d6f41\" href=\"#tab-726ab55956efa5d6f41\"><h4 class=\"fusion-tab-heading\">\u0392\u03b9\u03bf\u03b3\u03c1\u03b1\u03c6\u03b9\u03ba\u03cc<\/h4><\/a><\/li><\/ul><\/div><div class=\"tab-pane fade fusion-clearfix in active\" role=\"tabpanel\" tabindex=\"0\" aria-labelledby=\"fusion-tab-726ab55956efa5d6f41\" id=\"tab-726ab55956efa5d6f41\">\n<p>\u0397 \u0396\u03c9\u03ae \u03a7\u03c1\u03b9\u03c3\u03c4\u03bf\u03c6\u03cc\u03c1\u03bf\u03c5 \u03b5\u03af\u03bd\u03b1\u03b9 \u03ba\u03ac\u03c4\u03bf\u03c7\u03bf\u03c2 \u0394\u03b9\u03c0\u03bb\u03ce\u03bc\u03b1\u03c4\u03bf\u03c2 \u03a0\u03bf\u03bb\u03b9\u03c4\u03b9\u03ba\u03bf\u03cd \u039c\u03b7\u03c7\u03b1\u03bd\u03b9\u03ba\u03bf\u03cd \u0395\u039c\u03a0, MSc \u03a3\u03c5\u03b3\u03ba\u03bf\u03b9\u03bd\u03c9\u03bd\u03b9\u03b1\u03ba\u03bf\u03cd \u03a3\u03c7\u03b5\u03b4\u03b9\u03b1\u03c3\u03bc\u03bf\u03cd (Universit\u00e9 Paris-Est, FR), MSc \u03a0\u03bf\u03bb\u03b5\u03bf\u03b4\u03bf\u03bc\u03b9\u03ba\u03bf\u03cd \u03ba\u03b1\u03b9 \u03a7\u03c9\u03c1\u03bf\u03c4\u03b1\u03be\u03b9\u03ba\u03bf\u03cd \u03a3\u03c7\u03b5\u03b4\u03b9\u03b1\u03c3\u03bc\u03bf\u03cd \u03c4\u03b7\u03c2 \u03a3\u03c7\u03bf\u03bb\u03ae\u03c2 \u0391\u03c1\u03c7\u03b9\u03c4\u03b5\u03ba\u03c4\u03bf\u03bd\u03b9\u03ba\u03ae\u03c2 \u0395\u039c\u03a0, \u0394\u03c1. \u03a0\u03bf\u03bb\u03b9\u03c4\u03b9\u03ba\u03cc\u03c2 \u039c\u03b7\u03c7\u03b1\u03bd\u03b9\u03ba\u03cc\u03c2 \u03c4\u03b7\u03c2 \u03a3\u03c7\u03bf\u03bb\u03ae\u03c2 \u03a0\u03bf\u03bb\u03b9\u03c4\u03b9\u03ba\u03ce\u03bd \u039c\u03b7\u03c7\u03b1\u03bd\u03b9\u03ba\u03ce\u03bd \u0395\u039c\u03a0 \u03ba\u03b1\u03b9 \u0394\u03c1. \u03a3\u03c5\u03b3\u03ba\u03bf\u03b9\u03bd\u03c9\u03bd\u03b9\u03bf\u03bb\u03cc\u03b3\u03bf\u03c2 \u03c4\u03b7\u03c2 \u03a3\u03c7\u03bf\u03bb\u03ae\u03c2 Ecole Nationale des Ponts et Chauss\u00e9es \u03c4\u03b7\u03c2 \u0393\u03b1\u03bb\u03bb\u03af\u03b1\u03c2. \u0388\u03c7\u03b5\u03b9 \u03c3\u03c5\u03bd\u03b5\u03c1\u03b3\u03b1\u03c3\u03c4\u03b5\u03af \u03c9\u03c2 \u03b5\u03c0\u03b9\u03c3\u03c4\u03b7\u03bc\u03bf\u03bd\u03b9\u03ba\u03cc\u03c2 \u03c3\u03c5\u03bd\u03b5\u03c1\u03b3\u03ac\u03c4\u03b7\u03c2 \u03ae \u03bb\u03ad\u03ba\u03c4\u03bf\u03c1\u03b1\u03c2 \u03bc\u03b5 \u03b9\u03b4\u03c1\u03cd\u03bc\u03b1\u03c4\u03b1 \u03c4\u03b7\u03c2 \u0395\u03bb\u03bb\u03ac\u03b4\u03b1\u03c2 \u03ba\u03b1\u03b9 \u03c4\u03bf\u03c5 \u03b5\u03be\u03c9\u03c4\u03b5\u03c1\u03b9\u03ba\u03bf\u03cd: \u03a0\u03b1\u03bd\u03b5\u03c0\u03b9\u03c3\u03c4\u03ae\u03bc\u03b9\u03bf \u03a0\u03b5\u03b9\u03c1\u03b1\u03b9\u03ac (2006-2008), \u0395\u039c\u03a0 (2008-10), \u03a4\u0395\u0399 \u0391\u03b8\u03ae\u03bd\u03b1\u03c2 (2010-2011), Ecole Fran\u00e7aise Ecole fran\u00e7aise d\u2019\u00e9lectronique et d\u2019informatique (2013-2017), ESIEE Paris (2018-2019). \u0395\u03be\u03b5\u03bb\u03ad\u03b3\u03b7 \u0395\u03c0\u03af\u03ba\u03bf\u03c5\u03c1\u03b7 \u039a\u03b1\u03b8\u03b7\u03b3\u03ae\u03c4\u03c1\u03b9\u03b1 \u03c4\u03b7\u03c2 \u03a3\u03c7\u03bf\u03bb\u03ae\u03c2 Ecole Nationale des Ponts et Chauss\u00e9es &#8211; Enpc (FR) \u03c4\u03bf 2013 \u03cc\u03c0\u03bf\u03c5 \u03ba\u03b1\u03b9 \u03b4\u03b9\u03b5\u03c4\u03ad\u03bb\u03b5\u03c3\u03b5 \u03b1\u03bd\u03c4\u03b9\u03c0\u03c1\u03cc\u03b5\u03b4\u03c1\u03bf\u03c2 \u03c4\u03bf\u03c5 \u03c4\u03bc\u03ae\u03bc\u03b1\u03c4\u03bf\u03c2 \u00ab\u03a0\u03cc\u03bb\u03b7, \u03a0\u03b5\u03c1\u03b9\u03b2\u03ac\u03bb\u03bb\u03bf\u03bd, \u039c\u03b5\u03c4\u03b1\u03c6\u03bf\u03c1\u03ad\u03c2\u00bb \u03b3\u03b9\u03b1 \u03b4\u03cd\u03bf \u03ad\u03c4\u03b7. \u03a0\u03b1\u03c1\u03ac\u03bb\u03bb\u03b7\u03bb\u03b1, \u03c3\u03c5\u03bd\u03b5\u03c1\u03b3\u03ac\u03b6\u03b5\u03c4\u03b1\u03b9 \u03bc\u03b5 \u03c4\u03b7\u03bd Ecole Polytechnique de Paris \u2013 X (FR), \u03c4\u03b7\u03bd Ecole Polytechnique F\u00e9d\u00e9rale de Lausanne \u2013 EPFL (CH) \u03ba\u03b1\u03b9 \u03c4\u03bf \u03b5\u03c1\u03b3\u03b1\u03c3\u03c4\u03ae\u03c1\u03b9\u03bf G\u00e9nie des R\u00e9seaux de Transport Terrestre et Informatique Avanc\u00e9e \u03c4\u03bf\u03c5 \u03a0\u03b1\u03bd\u03b5\u03c0\u03b9\u03c3\u03c4\u03b7\u03bc\u03af\u03bf\u03c5 Gustave Eiffel (FR). \u03a4\u03bf 2018 \u03b5\u03be\u03b5\u03bb\u03ad\u03b3\u03b7 \u0395\u03c0\u03af\u03ba\u03bf\u03c5\u03c1\u03b7 \u039a\u03b1\u03b8\u03b7\u03b3\u03ae\u03c4\u03c1\u03b9\u03b1 \u03c4\u03bf\u03c5 \u03a4\u03bc\u03ae\u03bc\u03b1\u03c4\u03bf\u03c2 \u03a0\u03bf\u03bb\u03b9\u03c4\u03b9\u03ba\u03ce\u03bd \u039c\u03b7\u03c7\u03b1\u03bd\u03b9\u03ba\u03ce\u03bd \u03c4\u03bf\u03c5 \u03a0\u03b1\u03bd\u03b5\u03c0\u03b9\u03c3\u03c4\u03b7\u03bc\u03af\u03bf\u03c5 \u03a0\u03b1\u03c4\u03c1\u03ce\u03bd \u03c3\u03c4\u03b7\u03bd \u03b5\u03c0\u03b9\u03c3\u03c4\u03b7\u03bc\u03bf\u03bd\u03b9\u03ba\u03ae \u03c0\u03b5\u03c1\u03b9\u03bf\u03c7\u03ae \u03c4\u03bf\u03c5 \u03a3\u03c5\u03b3\u03ba\u03bf\u03b9\u03bd\u03c9\u03bd\u03b9\u03b1\u03ba\u03bf\u03cd \u03a3\u03c7\u03b5\u03b4\u03b9\u03b1\u03c3\u03bc\u03bf\u03cd.<\/p>\n<p>\u0388\u03c7\u03b5\u03b9 \u03b4\u03b9\u03b4\u03ac\u03be\u03b5\u03b9 \u03c0\u03c1\u03bf\u03c0\u03c4\u03c5\u03c7\u03b9\u03b1\u03ba\u03ac \u03ba\u03b1\u03b9 \u03bc\u03b5\u03c4\u03b1\u03c0\u03c4\u03c5\u03c7\u03b9\u03b1\u03ba\u03ac \u03bc\u03b1\u03b8\u03ae\u03bc\u03b1\u03c4\u03b1 \u03c3\u03c4\u03b9\u03c2 \u03c0\u03b5\u03c1\u03b9\u03bf\u03c7\u03ad\u03c2 \u03c4\u03b7\u03c2 \u03a3\u03c4\u03b1\u03c4\u03b9\u03c3\u03c4\u03b9\u03ba\u03ae\u03c2 \u03ba\u03b1\u03b9 \u0391\u03bd\u03ac\u03bb\u03c5\u03c3\u03b7\u03c2 \u039c\u03b5\u03b3\u03ac\u03bb\u03c9\u03bd \u0394\u03b5\u03b4\u03bf\u03bc\u03ad\u03bd\u03c9\u03bd (big data), \u0394\u03b9\u03b1\u03c7\u03b5\u03af\u03c1\u03b9\u03c3\u03b7\u03c2 \u039a\u03c5\u03ba\u03bb\u03bf\u03c6\u03bf\u03c1\u03af\u03b1\u03c2, \u039f\u03b4\u03b9\u03ba\u03ae\u03c2 \u0391\u03c3\u03c6\u03ac\u03bb\u03b5\u03b9\u03b1\u03c2, \u03a0\u03c1\u03bf\u03c4\u03c5\u03c0\u03bf\u03c0\u03bf\u03af\u03b7\u03c3\u03b7\u03c2 \u03ba\u03b1\u03b9 \u03a0\u03c1\u03bf\u03c3\u03bf\u03bc\u03bf\u03af\u03c9\u03c3\u03b7\u03c2 \u039b\u03b5\u03b9\u03c4\u03bf\u03c5\u03c1\u03b3\u03af\u03b1\u03c2 \u039c\u03ad\u03c3\u03c9\u03bd \u039c\u03b1\u03b6\u03b9\u03ba\u03ae\u03c2 \u039c\u03b5\u03c4\u03b1\u03c6\u03bf\u03c1\u03ac\u03c2.<br \/>\n\u0388\u03c7\u03b5\u03b9 \u03c3\u03c5\u03bc\u03bc\u03b5\u03c4\u03ac\u03c3\u03c7\u03b5\u03b9 \u03c3\u03b5 17 \u03b5\u03c1\u03b5\u03c5\u03bd\u03b7\u03c4\u03b9\u03ba\u03ac \u03ad\u03c1\u03b3\u03b1, \u03c3\u03b5 5 \u03b5\u03ba \u03c4\u03c9\u03bd \u03bf\u03c0\u03bf\u03af\u03c9\u03bd \u03c9\u03c2 \u03b5\u03c0\u03b9\u03c3\u03c4\u03b7\u03bc\u03bf\u03bd\u03b9\u03ba\u03ae \u03c5\u03c0\u03b5\u03cd\u03b8\u03c5\u03bd\u03b7. \u03a4\u03b1 \u03ad\u03c1\u03b3\u03b1 \u03b1\u03c5\u03c4\u03ac \u03c7\u03c1\u03b7\u03bc\u03b1\u03c4\u03bf\u03b4\u03bf\u03c4\u03ae\u03b8\u03b7\u03ba\u03b1\u03bd \u03c4\u03cc\u03c3\u03bf \u03b1\u03c0\u03cc \u03b4\u03b7\u03bc\u03cc\u03c3\u03b9\u03bf\u03c5\u03c2 \u03cc\u03c3\u03bf \u03ba\u03b1\u03b9 \u03b1\u03c0\u03cc \u03b9\u03b4\u03b9\u03c9\u03c4\u03b9\u03ba\u03bf\u03cd\u03c2 \u03c6\u03bf\u03c1\u03b5\u03af\u03c2. \u0388\u03c7\u03b5\u03b9 \u03c3\u03c5\u03b3\u03b3\u03c1\u03ac\u03c8\u03b5\u03b9 4 \u03b5\u03c0\u03b9\u03c3\u03c4\u03b7\u03bc\u03bf\u03bd\u03b9\u03ba\u03ad\u03c2 \u03b4\u03b9\u03b1\u03c4\u03c1\u03b9\u03b2\u03ad\u03c2 \u03ba\u03b1\u03b9 \u03ad\u03c7\u03b5\u03b9 \u03c3\u03c5\u03bd-\u03c3\u03c5\u03b3\u03b3\u03c1\u03ac\u03c8\u03b5\u03b9 9 \u03b2\u03b9\u03b2\u03bb\u03af\u03b1, 20 \u03c0\u03b5\u03c1\u03af\u03c0\u03bf\u03c5 \u03ac\u03c1\u03b8\u03c1\u03b1 \u03c3\u03b5 \u03b4\u03b9\u03b5\u03b8\u03bd\u03ae \u03b5\u03c0\u03b9\u03c3\u03c4\u03b7\u03bc\u03bf\u03bd\u03b9\u03ba\u03ac \u03c0\u03b5\u03c1\u03b9\u03bf\u03b4\u03b9\u03ba\u03ac \u03ba\u03b1\u03b9 \u03b2\u03b9\u03b2\u03bb\u03af\u03b1, 30 \u03c0\u03b5\u03c1\u03af\u03c0\u03bf\u03c5 \u03ac\u03c1\u03b8\u03c1\u03b1 \u03c3\u03b5 \u03c0\u03c1\u03b1\u03ba\u03c4\u03b9\u03ba\u03ac \u03b4\u03b9\u03b5\u03b8\u03bd\u03ce\u03bd \u03ba\u03b1\u03b9 \u03b5\u03b8\u03bd\u03b9\u03ba\u03ce\u03bd \u03b5\u03c0\u03b9\u03c3\u03c4\u03b7\u03bc\u03bf\u03bd\u03b9\u03ba\u03ce\u03bd \u03c3\u03c5\u03bd\u03b5\u03b4\u03c1\u03af\u03c9\u03bd, 5 \u03c0\u03b5\u03c1\u03b9\u03bb\u03ae\u03c8\u03b5\u03b9\u03c2 \u03c3\u03b5 \u03c0\u03c1\u03b1\u03ba\u03c4\u03b9\u03ba\u03ac \u03b4\u03b9\u03b5\u03b8\u03bd\u03ce\u03bd \u03b5\u03c0\u03b9\u03c3\u03c4\u03b7\u03bc\u03bf\u03bd\u03b9\u03ba\u03ce\u03bd \u03c3\u03c5\u03bd\u03b5\u03b4\u03c1\u03af\u03c9\u03bd. \u03a3\u03c5\u03bd\u03b5\u03c1\u03b3\u03ac\u03b6\u03b5\u03c4\u03b1\u03b9 \u03c9\u03c2 \u03ba\u03c1\u03b9\u03c4\u03ae\u03c2 \u03bc\u03b5 20 \u03c0\u03b5\u03c1\u03af\u03c0\u03bf\u03c5 \u03b4\u03b9\u03b5\u03b8\u03bd\u03ae \u03b5\u03c0\u03b9\u03c3\u03c4\u03b7\u03bc\u03bf\u03bd\u03b9\u03ba\u03ac \u03c0\u03b5\u03c1\u03b9\u03bf\u03b4\u03b9\u03ba\u03ac \u03ba\u03b1\u03b9 \u03c3\u03c5\u03bd\u03ad\u03b4\u03c1\u03b9\u03b1, \u03c9\u03c2 \u03b1\u03be\u03b9\u03bf\u03bb\u03bf\u03b3\u03b7\u03c4\u03ae\u03c2 \u03b5\u03c1\u03b5\u03c5\u03bd\u03b7\u03c4\u03b9\u03ba\u03ce\u03bd \u03c0\u03c1\u03bf\u03c4\u03ac\u03c3\u03b5\u03c9\u03bd \u03bc\u03b5 \u03b5\u03bb\u03bb\u03b7\u03bd\u03b9\u03ba\u03bf\u03cd\u03c2 \u03ba\u03b1\u03b9 \u03b4\u03b9\u03b5\u03b8\u03bd\u03b5\u03af\u03c2 \u03c6\u03bf\u03c1\u03b5\u03af\u03c2 \u03ba\u03b1\u03b9 \u03b5\u03af\u03bd\u03b1\u03b9 \u03bc\u03ad\u03bb\u03bf\u03c2 \u03b5\u03c0\u03b9\u03c3\u03c4\u03b7\u03bc\u03bf\u03bd\u03b9\u03ba\u03ce\u03bd \u03b5\u03c0\u03b9\u03c4\u03c1\u03bf\u03c0\u03ce\u03bd \u03ba\u03b1\u03b9 \u03b5\u03bd\u03ce\u03c3\u03b5\u03c9\u03bd. \u0388\u03c7\u03b5\u03b9 \u03b5\u03c0\u03b9\u03b2\u03bb\u03ad\u03c8\u03b5\u03b9 \u03ae \u03c3\u03c5\u03bd-\u03b5\u03c0\u03b9\u03b2\u03bb\u03ad\u03c8\u03b5\u03b9 \u03c4\u03b7\u03bd \u03b5\u03ba\u03c0\u03cc\u03bd\u03b7\u03c3\u03b7 2 \u03b4\u03b9\u03b4\u03b1\u03ba\u03c4\u03bf\u03c1\u03b9\u03ba\u03ce\u03bd \u03b4\u03b9\u03b1\u03c4\u03c1\u03b9\u03b2\u03ce\u03bd \u03ba\u03b1\u03b9 \u03ac\u03bd\u03c9 \u03c4\u03c9\u03bd 50 \u03b4\u03b9\u03c0\u03bb\u03c9\u03bc\u03b1\u03c4\u03b9\u03ba\u03ce\u03bd \u03b5\u03c1\u03b3\u03b1\u03c3\u03b9\u03ce\u03bd. \u0388\u03c7\u03b5\u03b9 \u03b5\u03c0\u03af\u03c3\u03b7\u03c2 \u03c3\u03c5\u03bc\u03bc\u03b5\u03c4\u03ac\u03c3\u03c7\u03b5\u03b9 \u03c3\u03c4\u03b7\u03bd \u03b5\u03c0\u03b9\u03c3\u03c4\u03b7\u03bc\u03bf\u03bd\u03b9\u03ba\u03ae \u03b4\u03b9\u03bf\u03c1\u03b3\u03ac\u03bd\u03c9\u03c3\u03b7 10 \u03c0\u03b5\u03c1\u03af\u03c0\u03bf\u03c5 \u03b7\u03bc\u03b5\u03c1\u03af\u03b4\u03c9\u03bd \u03ae \u03c3\u03c5\u03bd\u03b5\u03b4\u03c1\u03af\u03c9\u03bd.<br \/>\n\u03a4\u03b1 \u03c0\u03b9\u03bf \u03c0\u03c1\u03cc\u03c3\u03c6\u03b1\u03c4\u03b1 \u03b5\u03c1\u03b5\u03c5\u03bd\u03b7\u03c4\u03b9\u03ba\u03ac \u03c4\u03b7\u03c2 \u03b5\u03bd\u03b4\u03b9\u03b1\u03c6\u03ad\u03c1\u03bf\u03bd\u03c4\u03b1 \u03c0\u03b5\u03c1\u03b9\u03bb\u03b1\u03bc\u03b2\u03ac\u03bd\u03bf\u03c5\u03bd \u03c4\u03b7\u03bd \u03c0\u03c1\u03bf\u03c3\u03bf\u03bc\u03bf\u03af\u03c9\u03c3\u03b7 \u03c4\u03b7\u03c2 \u03ba\u03c5\u03ba\u03bb\u03bf\u03c6\u03bf\u03c1\u03af\u03b1\u03c2 \u03b1\u03c5\u03c4\u03cc\u03bd\u03bf\u03bc\u03c9\u03bd \u03bf\u03c7\u03b7\u03bc\u03ac\u03c4\u03c9\u03bd, \u03c4\u03b7\u03bd \u03c0\u03c1\u03bf\u03c4\u03c5\u03c0\u03bf\u03c0\u03bf\u03af\u03b7\u03c3\u03b7 \u03c4\u03b7\u03c2 \u03b5\u03c0\u03af\u03b4\u03c1\u03b1\u03c3\u03b7\u03c2 \u03b1\u03bd\u03b8\u03c1\u03ce\u03c0\u03b9\u03bd\u03c9\u03bd \u03c0\u03b1\u03c1\u03b1\u03b3\u03cc\u03bd\u03c4\u03c9\u03bd (human factors) \u03c3\u03c4\u03b7\u03bd \u03ba\u03c5\u03ba\u03bb\u03bf\u03c6\u03bf\u03c1\u03af\u03b1, \u03c4\u03b7 \u03bc\u03b5\u03bb\u03ad\u03c4\u03b7 \u03bc\u03bf\u03c1\u03c6\u03ce\u03bd \u03ae\u03c0\u03b9\u03b1\u03c2 \u03ba\u03b9\u03bd\u03b7\u03c4\u03b9\u03ba\u03cc\u03c4\u03b7\u03c4\u03b1\u03c2 \u03ba\u03b1\u03b9 \u03bc\u03b9\u03ba\u03c1\u03bf\u03ba\u03b9\u03bd\u03b7\u03c4\u03b9\u03ba\u03cc\u03c4\u03b7\u03c4\u03b1\u03c2 (\u03c0\u03b5\u03b6\u03bf\u03af, \u03c0\u03bf\u03b4\u03ae\u03bb\u03b1\u03c4\u03b1, \u03b7\u03bb\u03b5\u03ba\u03c4\u03c1\u03b9\u03ba\u03ac \u03c0\u03b1\u03c4\u03af\u03bd\u03b9\u03b1).<\/p>\n<\/div><div class=\"nav fusion-mobile-tab-nav\"><ul class=\"nav-tabs nav-justified\" role=\"tablist\" aria-orientation=\"horizontal\"><li  role=\"presentation\"><a class=\"tab-link\" data-toggle=\"tab\" role=\"tab\" aria-controls=\"tab-836b34a19bab35c602a\" aria-selected=\"false\" tabindex=\"-1\" id=\"mobile-fusion-tab-836b34a19bab35c602a\" href=\"#tab-836b34a19bab35c602a\"><h4 class=\"fusion-tab-heading\">\u0395\u03c0\u03b9\u03bb\u03b5\u03b3\u03bc\u03ad\u03bd\u03b5\u03c2 \u03b4\u03b7\u03bc\u03bf\u03c3\u03b9\u03b5\u03cd\u03c3\u03b5\u03b9\u03c2<\/h4><\/a><\/li><\/ul><\/div><div class=\"tab-pane fade fusion-clearfix\" role=\"tabpanel\" tabindex=\"0\" aria-labelledby=\"fusion-tab-836b34a19bab35c602a\" id=\"tab-836b34a19bab35c602a\">\n<div>\n<ol>\n<li>Christoforou, Z., Gioldasis, C., de Bortoli, A., Seidowsky, R. (2021). Who is using e-scooters and how? Evidence from Paris. Transportation research part D: transport and environment 92, 102708.<\/li>\n<li>de Bortoli, A., Christoforou, Z. (2020). Consequential LCA for territorial and multimodal transportation policies: method and application to the free-floating e-scooter disruption in Paris. Journal of Cleaner Production 273, 122898.<\/li>\n<li>Coutinho, F., van Oort, N., Christoforou, Z., Alonso-Gonz\u00e1lez, M., Cats, O., Hoogendoorn, S. (2019). Impacts of replacing a fixed transit line by a Demand Responsive Transit system, Thredbo 16 Conference, Singapore.<\/li>\n<li>Berrada, J., Christoforou, Z., Mouhoubi, L., Seidowsky, R. (2019). Factors of successful implementation and diffusion of services based on autonomous vehicles: users\u2019 acceptance and operators\u2019 profitability, Thredbo 16 Conference, Singapore.<\/li>\n<li>Cloutier, M-S., Lord, S., Garnier, B., Christoforou, Z. (2018). Crossing road intersections in old age\u2014With or without risks? Perceptions of risk and walking behaviours among the elderly. Transportation Research Part F: Psychology and Behaviour, pp. 282-296.<\/li>\n<li>Schanzenbacher, F., Farhi, N., Christoforou, Z., Leurent, F., Gabriel, G., (2017). A discrete event traffic model explaining the traffic phases of the train dynamics on a metro line with a junction. In proceedings of the 56th IEEE Conference on Decision and Control.<\/li>\n<li>Christoforou Z., Collet P.-A., Kabalan B., and Leurent F. (2017) Influencing Passenger Longitudinal Location on Railway Platform to Shorten and Regularize Train Dwell Times, Transportation Research Record 2648, pp. 117-125.<\/li>\n<li>Christoforou, Z., Corbill\u00e9, E., Farhi, N. and Leurent, F. (2016). Managing Planned Disruptions of Mass Transit Systems. Transportation Research Record, 2541, pp. 46-55.<\/li>\n<li>Cohen, S., Christoforou Z. (2015). Travel Time Estimation Between Loop Detectors and Fcd: A Compatibility Study on the Lille Network, France. Transportation Research Procedia 10, pp. 245-255.<\/li>\n<li>Christoforou, Z., Cohen, S., Karlaftis, M.G. (2011). Identifying crash type propensity using real-time traffic data on freeways, Journal of Safety Research 42 (1), pp.43\u201350.<\/li>\n<\/ol>\n<\/div>\n<\/div><div class=\"nav fusion-mobile-tab-nav\"><ul class=\"nav-tabs nav-justified\" role=\"tablist\" aria-orientation=\"horizontal\"><li  role=\"presentation\"><a class=\"tab-link\" data-toggle=\"tab\" role=\"tab\" aria-controls=\"tab-4c0e174e8bd2382cb70\" aria-selected=\"false\" tabindex=\"-1\" id=\"mobile-fusion-tab-4c0e174e8bd2382cb70\" href=\"#tab-4c0e174e8bd2382cb70\"><h4 class=\"fusion-tab-heading\">\u039c\u03b1\u03b8\u03ae\u03bc\u03b1\u03c4\u03b1<\/h4><\/a><\/li><\/ul><\/div><div class=\"tab-pane fade fusion-clearfix\" role=\"tabpanel\" tabindex=\"0\" aria-labelledby=\"fusion-tab-4c0e174e8bd2382cb70\" id=\"tab-4c0e174e8bd2382cb70\">\n<p>\u03a0\u03c1\u03bf\u03c0\u03c4\u03c5\u03c7\u03b9\u03b1\u03ba\u03ac \u03bc\u03b1\u03b8\u03ae\u03bc\u03b1\u03c4\u03b1<\/p>\n<ul>\n<li class=\"bullet\"><a class=\"font11_blue\" href=\"https:\/\/www.civil.upatras.gr\/index.php\/product\/civ_5605a\/\">\u03a4\u03b5\u03c7\u03bd\u03b9\u03ba\u03ae \u03c4\u03b7\u03c2 \u039a\u03c5\u03ba\u03bb\u03bf\u03c6\u03bf\u03c1\u03af\u03b1\u03c2<\/a><\/li>\n<li class=\"bullet\"><a class=\"font11_blue\" href=\"https:\/\/www.civil.upatras.gr\/index.php\/product\/civ_7610a\/\">\u03a3\u03c7\u03b5\u03b4\u03b9\u03b1\u03c3\u03bc\u03cc\u03c2 \u03ba\u03b1\u03b9 \u039a\u03b1\u03c4\u03b1\u03c3\u03ba\u03b5\u03c5\u03ae \u039f\u03b4\u03ce\u03bd<\/a><\/li>\n<\/ul>\n<p>\u039c\u03b5\u03c4\u03b1\u03c0\u03c4\u03c5\u03c7\u03b9\u03b1\u03ba\u03ac \u03bc\u03b1\u03b8\u03ae\u03bc\u03b1\u03c4\u03b1<\/p>\n<ul>\n<li><a class=\"font11_blue\" href=\"https:\/\/www.civil.upatras.gr\/index.php\/product\/c16013\/\">\u0392\u03b9\u03c9\u03c3\u03b9\u03bc\u03cc\u03c4\u03b7\u03c4\u03b1 \u03a3\u03c5\u03b3\u03ba\u03bf\u03b9\u03bd\u03c9\u03bd\u03b9\u03b1\u03ba\u03ce\u03bd \u0388\u03c1\u03b3\u03c9\u03bd \u03c3\u03c4\u03bf\u03bd \u039a\u03cd\u03ba\u03bb\u03bf \u0396\u03c9\u03ae\u03c2 \u03c4\u03bf\u03c5\u03c2<\/a><\/li>\n<\/ul>\n<\/div><\/div><\/div><\/div><\/div><\/div><\/div>\n","protected":false},"excerpt":{"rendered":"<p>\u03a7\u03c1\u03b9\u03c3\u03c4\u03bf\u03c6\u03cc\u03c1\u03bf\u03c5 \u0396\u03c9\u03ae \u00a0 \u00a0 \u00a0 \u00a0<\/p>\n","protected":false},"author":1,"featured_media":0,"parent":0,"menu_order":0,"comment_status":"closed","ping_status":"closed","template":"","meta":{"footnotes":""},"class_list":["post-4553","page","type-page","status-publish","hentry"],"_links":{"self":[{"href":"https:\/\/www.civil.upatras.gr\/index.php\/wp-json\/wp\/v2\/pages\/4553","targetHints":{"allow":["GET"]}}],"collection":[{"href":"https:\/\/www.civil.upatras.gr\/index.php\/wp-json\/wp\/v2\/pages"}],"about":[{"href":"https:\/\/www.civil.upatras.gr\/index.php\/wp-json\/wp\/v2\/types\/page"}],"author":[{"embeddable":true,"href":"https:\/\/www.civil.upatras.gr\/index.php\/wp-json\/wp\/v2\/users\/1"}],"replies":[{"embeddable":true,"href":"https:\/\/www.civil.upatras.gr\/index.php\/wp-json\/wp\/v2\/comments?post=4553"}],"version-history":[{"count":19,"href":"https:\/\/www.civil.upatras.gr\/index.php\/wp-json\/wp\/v2\/pages\/4553\/revisions"}],"predecessor-version":[{"id":12690,"href":"https:\/\/www.civil.upatras.gr\/index.php\/wp-json\/wp\/v2\/pages\/4553\/revisions\/12690"}],"wp:attachment":[{"href":"https:\/\/www.civil.upatras.gr\/index.php\/wp-json\/wp\/v2\/media?parent=4553"}],"curies":[{"name":"wp","href":"https:\/\/api.w.org\/{rel}","templated":true}]}}