{"id":4691,"date":"2021-04-17T15:22:09","date_gmt":"2021-04-17T13:22:09","guid":{"rendered":"http:\/\/150.140.135.22\/wordpress\/?page_id=4691"},"modified":"2021-09-23T10:36:46","modified_gmt":"2021-09-23T08:36:46","slug":"steirosstathis","status":"publish","type":"page","link":"https:\/\/www.civil.upatras.gr\/index.php\/steirosstathis\/","title":{"rendered":"\u03a3\u03c4\u03b5\u03af\u03c1\u03bf\u03c2 \u03a3\u03c4\u03ac\u03b8\u03b7\u03c2"},"content":{"rendered":"<div class=\"fusion-fullwidth fullwidth-box fusion-builder-row-1 fusion-flex-container nonhundred-percent-fullwidth non-hundred-percent-height-scrolling\" style=\"--awb-border-radius-top-left:0px;--awb-border-radius-top-right:0px;--awb-border-radius-bottom-right:0px;--awb-border-radius-bottom-left:0px;--awb-flex-wrap:wrap;\" ><div class=\"fusion-builder-row fusion-row fusion-flex-align-items-flex-start fusion-flex-content-wrap\" style=\"max-width:1331.2px;margin-left: calc(-4% \/ 2 );margin-right: calc(-4% \/ 2 );\"><div class=\"fusion-layout-column fusion_builder_column fusion-builder-column-0 fusion_builder_column_1_6 1_6 fusion-flex-column\" style=\"--awb-bg-size:cover;--awb-width-large:16.666666666667%;--awb-margin-top-large:10px;--awb-spacing-right-large:11.52%;--awb-margin-bottom-large:10px;--awb-spacing-left-large:11.52%;--awb-width-medium:16.666666666667%;--awb-order-medium:0;--awb-spacing-right-medium:11.52%;--awb-spacing-left-medium:11.52%;--awb-width-small:100%;--awb-order-small:0;--awb-spacing-right-small:1.92%;--awb-spacing-left-small:1.92%;\"><div class=\"fusion-column-wrapper fusion-column-has-shadow fusion-flex-justify-content-flex-start fusion-content-layout-column\"><\/div><\/div><div class=\"fusion-layout-column fusion_builder_column fusion-builder-column-1 fusion_builder_column_5_6 5_6 fusion-flex-column\" style=\"--awb-bg-size:cover;--awb-width-large:83.333333333333%;--awb-margin-top-large:40px;--awb-spacing-right-large:2.304%;--awb-margin-bottom-large:10px;--awb-spacing-left-large:2.304%;--awb-width-medium:83.333333333333%;--awb-order-medium:0;--awb-spacing-right-medium:2.304%;--awb-spacing-left-medium:2.304%;--awb-width-small:100%;--awb-order-small:0;--awb-spacing-right-small:1.92%;--awb-spacing-left-small:1.92%;\"><div class=\"fusion-column-wrapper fusion-column-has-shadow fusion-flex-justify-content-flex-start fusion-content-layout-column\">\n<table style=\"width: 70%;\">\n<tbody>\n<tr>\n<th align=\"left\">\n<h2 class=\"font16_grey\">\u03a3\u03c4\u03b5\u03af\u03c1\u03bf\u03c2 \u03a3\u03c4\u03ac\u03b8\u03b7\u03c2<\/h2>\n<div class=\"table-1\"><\/div>\n<\/th>\n<th align=\"left\"><\/th>\n<\/tr>\n<\/tbody>\n<tbody>\n<tr>\n<td align=\"left\"><img decoding=\"async\" src=\"https:\/\/www.civil.upatras.gr\/wp-content\/uploads\/2021\/05\/steiros.jpg\"><\/td>\n<td align=\"left\">\n<div class=\"table-1\">\n<div class=\"table-1\">\n<div class=\"table-1\">\u039f\u03bc\u03cc\u03c4\u03b9\u03bc\u03bf\u03c2 \u039a\u03b1\u03b8\u03b7\u03b3\u03b7\u03c4\u03ae\u03c2<\/div>\n<div class=\"table-1\">\u03a4\u03bc\u03ae\u03bc\u03b1 \u03a0\u03bf\u03bb\u03b9\u03c4\u03b9\u03ba\u03ce\u03bd \u039c\u03b7\u03c7\u03b1\u03bd\u03b9\u03ba\u03ce\u03bd<\/div>\n<div class=\"table-1\">\u03a0\u03b1\u03bd\u03b5\u03c0\u03b9\u03c3\u03c4\u03ae\u03bc\u03b9\u03bf \u03a0\u03b1\u03c4\u03c1\u03ce\u03bd<\/div>\n<p>2610 996511,7787<\/p>\n<\/div>\n<div class=\"table-1\">\n<div class=\"table-1\"><a class=\"font11_blue\" href=\"mailto:stiros@upatras.gr\">stiros@upatras.gr<\/a><!--more--><\/div>\n<\/div>\n<\/div>\n<\/td>\n<\/tr>\n<\/tbody>\n<\/table>\n<div class=\"fusion-tabs fusion-tabs-1 clean nav-is-justified horizontal-tabs icon-position-left mobile-mode-accordion\" style=\"--awb-title-border-radius-top-left:0px;--awb-title-border-radius-top-right:0px;--awb-title-border-radius-bottom-right:0px;--awb-title-border-radius-bottom-left:0px;--awb-inactive-color:#f1f2f2;--awb-background-color:#ffffff;--awb-border-color:#ede8e8;--awb-active-border-color:#58595b;\"><div class=\"nav\"><ul class=\"nav-tabs nav-justified\" role=\"tablist\" aria-orientation=\"horizontal\"><li class=\"active\" role=\"presentation\"><a class=\"tab-link\" data-toggle=\"tab\" role=\"tab\" aria-controls=\"tab-cfe64748a379dbc7c8f\" aria-selected=\"true\" tabindex=\"0\" id=\"fusion-tab-cfe64748a379dbc7c8f\" href=\"#tab-cfe64748a379dbc7c8f\"><h4 class=\"fusion-tab-heading\">\u0392\u03b9\u03bf\u03b3\u03c1\u03b1\u03c6\u03b9\u03ba\u03cc<\/h4><\/a><\/li><li  role=\"presentation\"><a class=\"tab-link\" data-toggle=\"tab\" role=\"tab\" aria-controls=\"tab-7a59632f485649eabc1\" aria-selected=\"false\" tabindex=\"-1\" id=\"fusion-tab-7a59632f485649eabc1\" href=\"#tab-7a59632f485649eabc1\"><h4 class=\"fusion-tab-heading\">\u0395\u03c0\u03b9\u03bb\u03b5\u03b3\u03bc\u03ad\u03bd\u03b5\u03c2 \u03b4\u03b7\u03bc\u03bf\u03c3\u03b9\u03b5\u03cd\u03c3\u03b5\u03b9\u03c2<\/h4><\/a><\/li><li  role=\"presentation\"><a class=\"tab-link\" data-toggle=\"tab\" role=\"tab\" aria-controls=\"tab-2e1be35ead275a8103c\" aria-selected=\"false\" tabindex=\"-1\" id=\"fusion-tab-2e1be35ead275a8103c\" href=\"#tab-2e1be35ead275a8103c\"><h4 class=\"fusion-tab-heading\">\u039c\u03b1\u03b8\u03ae\u03bc\u03b1\u03c4\u03b1<\/h4><\/a><\/li><\/ul><\/div><div class=\"tab-content\"><div class=\"nav fusion-mobile-tab-nav\"><ul class=\"nav-tabs nav-justified\" role=\"tablist\" aria-orientation=\"horizontal\"><li class=\"active\" role=\"presentation\"><a class=\"tab-link\" data-toggle=\"tab\" role=\"tab\" aria-controls=\"tab-cfe64748a379dbc7c8f\" aria-selected=\"true\" tabindex=\"0\" id=\"mobile-fusion-tab-cfe64748a379dbc7c8f\" href=\"#tab-cfe64748a379dbc7c8f\"><h4 class=\"fusion-tab-heading\">\u0392\u03b9\u03bf\u03b3\u03c1\u03b1\u03c6\u03b9\u03ba\u03cc<\/h4><\/a><\/li><\/ul><\/div><div class=\"tab-pane fade fusion-clearfix in active\" role=\"tabpanel\" tabindex=\"0\" aria-labelledby=\"fusion-tab-cfe64748a379dbc7c8f\" id=\"tab-cfe64748a379dbc7c8f\">\n<h4>\u00a0<\/h4>\n<p>\u039f \u03a3\u03c4\u03ac\u03b8\u03b7\u03c2 \u03a3\u03c4\u03b5\u03af\u03c1\u03bf\u03c2, \u0394\u03b9\u03c0\u03bb. \u0391\u03b3\u03c1. \u03a4\u03bf\u03c0\u03bf\u03b3\u03c1\u03ac\u03c6\u03bf\u03c2 \u0395\u039c\u03a0 \u03ba\u03b1\u03b9 \u0394\u03c1 \u0393\u03b5\u03c9\u03bb\u03bf\u03b3\u03af\u03b1\u03c2 \u03a0\u03b1\u03bd \u0391\u03b8\u03b7\u03bd\u03ce\u03bd, \u03b5\u03c1\u03b3\u03ac\u03c3\u03c4\u03b7\u03ba\u03b5 \u03b1\u03c0\u03cc \u03c4\u03bf 1979-1997 \u03c9\u03c2 \u03c4\u03bf\u03c0\u03bf\u03b3\u03c1\u03ac\u03c6\u03bf\u03c2 \u03ba\u03b1\u03b9 \u03b5\u03c1\u03b5\u03c5\u03bd\u03b7\u03c4\u03ae\u03c2 \u03c3\u03b5 \u03b8\u03ad\u03bc\u03b1\u03c4\u03b1 \u0393\u03b5\u03c9\u03b4\u03c5\u03bd\u03b1\u03bc\u03b9\u03ba\u03ae\u03c2 \u03ba\u03b1\u03b9 \u03a4\u03b5\u03c7\u03bd\u03b9\u03ba\u03ae\u03c2 \u0393\u03b5\u03c9\u03bb\u03bf\u03b3\u03af\u03b1\u03c2 \u03c3\u03c4\u03bf \u0399\u0393\u039c\u0395 \u03ba\u03b1\u03b9 \u03b1\u03c0\u03cc \u03c4\u03bf 1997 \u03c5\u03c0\u03b7\u03c1\u03b5\u03c4\u03b5\u03af \u03c3\u03c4\u03bf \u0395\u03c1\u03b3\u03b1\u03c3\u03c4\u03ae\u03c1\u03b9\u03bf \u0393\u03b5\u03c9\u03b4\u03b1\u03b9\u03c3\u03af\u03b1\u03c2 \u03ba\u03b1\u03b9 \u0393\u03b5\u03c9\u03b4\u03b1\u03b9\u03c4\u03b9\u03ba\u03ce\u03bd \u0395\u03c6\u03b1\u03c1\u03bc\u03bf\u03b3\u03ce\u03bd \u03c4\u03bf\u03c5 \u03a4\u03bc\u03ae\u03bc\u03b1\u03c4\u03bf\u03c2 \u03a0\u03bf\u03bb\u03b9\u03c4\u03b9\u03ba\u03ce\u03bd \u039c\u03b7\u03c7\u03b1\u03bd\u03b9\u03ba\u03ce\u03bd, \u03b1\u03c1\u03c7\u03b9\u03ba\u03ac \u03c9\u03c2 \u0395\u03c0\u03af\u03ba\u03bf\u03c5\u03c1\u03bf\u03c2 \u039a\u03b1\u03b8\u03b7\u03b3\u03b7\u03c4\u03ae\u03c2 \u03ba\u03b1\u03b9 \u03c3\u03ae\u03bc\u03b5\u03c1\u03b1 \u03c9\u03c2 \u039a\u03b1\u03b8\u03b7\u03b3\u03b7\u03c4\u03ae\u03c2.<\/p>\n<p>\u0397 \u03ad\u03c1\u03b5\u03c5\u03bd\u03ac \u03c4\u03bf\u03c5 \u03ba\u03b1\u03bb\u03cd\u03c0\u03c4\u03b5\u03b9 \u03b4\u03b9\u03ac\u03c6\u03bf\u03c1\u03b5\u03c2 \u03b5\u03c6\u03b1\u03c1\u03bc\u03bf\u03b3\u03ad\u03c2 \u03c4\u03b7\u03c2 \u03a4\u03b5\u03c7\u03bd\u03b9\u03ba\u03ae\u03c2 \u0393\u03b5\u03c9\u03b4\u03b1\u03b9\u03c3\u03af\u03b1\u03c2 (\u03bc\u03b5\u03c4\u03c1\u03ae\u03c3\u03b5\u03b9\u03c2 (\u201cmonitoring\u201d) \u03ba\u03b1\u03b9 \u03b1\u03bd\u03ac\u03bb\u03c5\u03c3\u03b7 \u03c0\u03b1\u03c1\u03b1\u03bc\u03bf\u03c1\u03c6\u03ce\u03c3\u03b5\u03c9\u03bd \u03c4\u03bf\u03c5 \u03b5\u03b4\u03ac\u03c6\u03bf\u03c5\u03c2 \u03ba\u03b1\u03b9 \u03c5\u03c0\u03cc\u03b3\u03b5\u03b9\u03c9\u03bd \u03ba\u03b1\u03c4\u03b1\u03c3\u03ba\u03b5\u03c5\u03ce\u03bd, \u03c3\u03c4\u03b1\u03c4\u03b9\u03ba\u03ce\u03bd \u03ba\u03b1\u03b9 \u03b4\u03c5\u03bd\u03b1\u03bc\u03b9\u03ba\u03ce\u03bd \u03ba\u03b9\u03bd\u03ae\u03c3\u03b5\u03c9\u03bd \u03ba\u03b1\u03c4\u03b1\u03c3\u03ba\u03b5\u03c5\u03ce\u03bd (Structural Health Monitoring), \u039c\u03b5\u03c4\u03c1\u03bf\u03bb\u03bf\u03b3\u03af\u03b1 \u03ba\u03b1\u03b9 \u03b1\u03ba\u03c1\u03af\u03b2\u03b5\u03b9\u03b1 \u03b3\u03b5\u03c9\u03b4\u03b1\u03b9\u03c4\u03b9\u03ba\u03ce\u03bd \u03bf\u03c1\u03b3\u03ac\u03bd\u03c9\u03bd (\u03c0\u03b5\u03c1\u03b9\u03bb\u03b1\u03bc\u03b2\u03b1\u03bd\u03bf\u03bc\u03ad\u03bd\u03c9\u03bd \u03b4\u03b5\u03ba\u03c4\u03ce\u03bd GNSS-GPS), \u03bc\u03b5\u03c4\u03c1\u03ae\u03c3\u03b5\u03b9\u03c2, \u03b1\u03bd\u03ac\u03bb\u03c5\u03c3\u03b7 \u03ba\u03b1\u03b9 \u03b5\u03c1\u03bc\u03b7\u03bd\u03b5\u03af\u03b1 \u03c4\u03b5\u03ba\u03c4\u03bf\u03bd\u03b9\u03ba\u03ce\u03bd\/\u03c3\u03b5\u03b9\u03c3\u03bc\u03b9\u03ba\u03ce\u03bd \u03ba\u03b1\u03b9 \u03b7\u03c6\u03b1\u03b9\u03c3\u03c4\u03b5\u03b9\u03b1\u03ba\u03ce\u03bd \u03c0\u03b1\u03c1\u03b1\u03bc\u03bf\u03c1\u03c6\u03ce\u03c3\u03b5\u03c9\u03bd \u03c4\u03bf\u03c5 \u03b5\u03b4\u03ac\u03c6\u03bf\u03c5\u03c2, \u03a0\u03b1\u03bb\u03b1\u03b9\u03bf\u03c3\u03b5\u03b9\u03c3\u03bc\u03bf\u03bb\u03bf\u03b3\u03af\u03b1 \u03ba\u03b1\u03b9 \u0391\u03c1\u03c7\u03b1\u03b9\u03bf\u03c3\u03b5\u03b9\u03c3\u03bc\u03bf\u03bb\u03bf\u03b3\u03af\u03b1, \u0391\u03c1\u03c7\u03b1\u03af\u03b1 \u03a4\u03b5\u03c7\u03bd\u03bf\u03bb\u03bf\u03b3\u03af\u03b1, \u039c\u03b5\u03c4\u03b1\u03b2\u03bf\u03bb\u03ad\u03c2 \u0391\u03ba\u03c4\u03ce\u03bd, \u00ab\u03b5\u03c5\u03c6\u03c5\u03ae \u03c3\u03c5\u03c3\u03c4\u03ae\u03bc\u03b1\u03c4\u03b1 \u03c5\u03c0\u03bf\u03b4\u03bf\u03bc\u03ae\u03c2\u00bb (smart infrastructure) \u03bc\u03b5 \u03b2\u03ac\u03c3\u03b7 \u03b3\u03b5\u03c9\u03b4\u03b1\u03b9\u03c4\u03b9\u03ba\u03ad\u03c2 \u03bc\u03b5\u03b8\u03cc\u03b4\u03bf\u03c5\u03c2, \u03b1\u03bd\u03ac\u03bb\u03c5\u03c3\u03b7 \u03c3\u03ae\u03bc\u03b1\u03c4\u03bf\u03c2 \u03ba\u03b1\u03b9 \u03b5\u03c0\u03af\u03bb\u03c5\u03c3\u03b7 \u03bc\u03b7 \u03b3\u03c1\u03b1\u03bc\u03bc\u03b9\u03ba\u03ce\u03bd \u03b1\u03bd\u03c4\u03af\u03c3\u03c4\u03c1\u03bf\u03c6\u03c9\u03bd \u03c0\u03c1\u03bf\u03b2\u03bb\u03b7\u03bc\u03ac\u03c4\u03c9\u03bd.<\/p>\n<p>\u0395\u03af\u03bd\u03b1\u03b9 \u03c3\u03c5\u03b3\u03b3\u03c1\u03b1\u03c6\u03ad\u03b1\u03c2 &gt;100 \u03b5\u03c1\u03b5\u03c5\u03bd\u03b7\u03c4\u03b9\u03ba\u03ce\u03bd \u03ac\u03c1\u03b8\u03c1\u03c9\u03bd \u03c3\u03b5 \u03c0\u03b5\u03c1\u03b9\u03bf\u03b4\u03b9\u03ba\u03ac \u03c0\u03bf\u03c5 \u03c0\u03b5\u03c1\u03b9\u03bb\u03b1\u03bc\u03b2\u03ac\u03bd\u03bf\u03bd\u03c4\u03b1\u03b9 \u03c3\u03c4\u03bf SC\u039fPUS, \u03ad\u03c7\u03b5\u03b9 \u03c3\u03c5\u03bc\u03bc\u03b5\u03c4\u03ac\u03c3\u03c7\u03b5\u03b9 \u03c3\u03b5 \u03b4\u03b9\u03ac\u03c6\u03bf\u03c1\u03b1 \u03b5\u03b8\u03bd\u03b9\u03ba\u03ac \u03ba\u03b1\u03b9 \u03b4\u03b9\u03b5\u03b8\u03bd\u03ae \u03b5\u03c1\u03b5\u03c5\u03bd\u03b7\u03c4\u03b9\u03ba\u03ac \u03c0\u03c1\u03bf\u03b3\u03c1\u03ac\u03bc\u03bc\u03b1\u03c4\u03b1, \u03bc\u03b5\u03c1\u03b9\u03ba\u03ac \u03bc\u03b5 \u03c3\u03c5\u03bc\u03bc\u03b5\u03c4\u03bf\u03c7\u03ae\/\u03c5\u03c0\u03bf\u03c3\u03c4\u03ae\u03c1\u03b9\u03be\u03b7 \u03b1\u03c0\u03cc \u03bc\u03b5\u03b3\u03ac\u03bb\u03b5\u03c2 \u03b5\u03c4\u03b1\u03b9\u03c1\u03b5\u03af\u03b5\u03c2. \u0395\u03c7\u03b5\u03b9 \u03c7\u03c1\u03b7\u03bc\u03b1\u03c4\u03af\u03c3\u03b5\u03b9 \u03ba\u03c1\u03b9\u03c4\u03ae\u03c2 \u03c3\u03b5 \u03c0\u03b5\u03c1\u03b9\u03c3\u03c3\u03cc\u03c4\u03b5\u03c1\u03b1 \u03b1\u03c0\u03cc 50 \u03b4\u03b9\u03b5\u03b8\u03bd\u03ae \u03c0\u03b5\u03c1\u03b9\u03bf\u03b4\u03b9\u03ba\u03ac \u03ba\u03b1\u03b9 \u03c0\u03c1\u03bf\u03c3\u03ba\u03b5\u03ba\u03bb\u03b7\u03bc\u03ad\u03bd\u03bf\u03c2 \u03b5\u03ba\u03b4\u03cc\u03c4\u03b7\u03c2 \u03c3\u03b5 6 \u03b4\u03b9\u03b5\u03b8\u03bd\u03ae \u03c0\u03b5\u03c1\u03b9\u03bf\u03b4\u03b9\u03ba\u03ac.<\/p>\n<p>\u0391\u03bd\u03b1\u03bb\u03c5\u03c4\u03b9\u03ba\u03cc \u03b2\u03b9\u03bf\u03b3\u03c1\u03b1\u03c6\u03b9\u03ba\u03cc \u03ba\u03b1\u03b9 \u03ac\u03bb\u03bb\u03b5\u03c2 \u03c0\u03bb\u03b7\u03c1\u03bf\u03c6\u03bf\u03c1\u03af\u03b5\u03c2 \u03c3\u03c4\u03b7\u03bd \u03b9\u03c3\u03c4\u03bf\u03c3\u03b5\u03bb\u03af\u03b4\u03b1 \u03c4\u03bf\u03c5 \u0395\u03c1\u03b3\u03b1\u03c3\u03c4\u03b7\u03c1\u03af\u03bf\u03c5:\u00a0<a href=\"http:\/\/www.geodesylab.civil.upatras.gr\/\">http:\/\/www.geodesylab.civil.upatras.gr\/<\/a><\/p>\n<p><a href=\"https:\/\/scholar.google.gr\/citations?user=bDbyYloAAAAJ&amp;hl=el\">google scholar profile<\/a><\/p>\n<\/div><div class=\"nav fusion-mobile-tab-nav\"><ul class=\"nav-tabs nav-justified\" role=\"tablist\" aria-orientation=\"horizontal\"><li  role=\"presentation\"><a class=\"tab-link\" data-toggle=\"tab\" role=\"tab\" aria-controls=\"tab-7a59632f485649eabc1\" aria-selected=\"false\" tabindex=\"-1\" id=\"mobile-fusion-tab-7a59632f485649eabc1\" href=\"#tab-7a59632f485649eabc1\"><h4 class=\"fusion-tab-heading\">\u0395\u03c0\u03b9\u03bb\u03b5\u03b3\u03bc\u03ad\u03bd\u03b5\u03c2 \u03b4\u03b7\u03bc\u03bf\u03c3\u03b9\u03b5\u03cd\u03c3\u03b5\u03b9\u03c2<\/h4><\/a><\/li><\/ul><\/div><div class=\"tab-pane fade fusion-clearfix\" role=\"tabpanel\" tabindex=\"0\" aria-labelledby=\"fusion-tab-7a59632f485649eabc1\" id=\"tab-7a59632f485649eabc1\">\n<ul>\n<li>Stiros S, Psimoulis, P, Moschas F., Saltogianni, V., Tsantopoulos E. and Triantafyllidis, P., 2019. Multi-sensor measurement of dynamic deflections and structural health monitoring of flexible and stiff bridges, Bridge Structures, 15, 43-51,\u00a0<a href=\"http:\/\/doi:10.3233\/BRS-190152\">doi:10.3233\/BRS-190152<\/a><\/li>\n<li>Moschas, F., Stiros, S., 2019. Experimental evaluation of the performance of arrays of MEMS accelerometers, Mechanical Systems and Signal Processing, 116, 933-942,\u00a0<a href=\"http:\/\/doi:%2010.1016\/j.ymssp.2018.07.031\">doi: 10.1016\/j.ymssp.2018.07.031<\/a><\/li>\n<li>Stiros, S., Pytharouli, S. 2018. Interpretations of Reservoir-Induced Seismicity May Not Always Be Valid: The Case of Seismicity during the Impoundment of the Kremasta Dam (Greece, 1965\u20131966), Bulletin of the Seismological Society of America, 108, 3005\u20133015,\u00a0<a href=\"http:\/\/doi:%2010.1785\/0120170359\">doi: 10.1785\/0120170359<\/a><\/li>\n<li>Stamati, A.-V., Stiros, S., 2018. Destruction layers, urban evolution and earthquakes in Roman Patras (Greece), Geoarchaeology, 33, 13-23,\u00a0<a href=\"http:\/\/doi:%2010.1002\/gea.21583\">doi: 10.1002\/gea.21583<\/a><\/li>\n<li>Saltogianni, V., Taymaz, T., Yolsal-\u00c7evikbilen, S., Eken, T., Moschas, F., Stiros, S., 2017. Fault model for the 2015 Leucas (Aegean Arc) earthquake: Analysis based on seismological and geodetic observations, Bulletin of the Seismological Society of America, 107, 433\u2013444,\u00a0<a href=\"http:\/\/doi:10.1785\/0120160080\">doi:10.1785\/0120160080<\/a><\/li>\n<li>Saltogianni, V., Gianniou, M., Moschas, F., Stiros, S., 2016. Pattern of dynamic displacements in a strike slip earthquake, Geophysical Research Letters, 43,\u00a0<a href=\"http:\/\/doi:%2010.1002\/2016GL069507\">doi: 10.1002\/2016GL069507<\/a><\/li>\n<li>Moschas, F., Mouzoulas, D., Stiros, S., 2015. Phase errors in accelerometer arrays: an analysis based on collocated sensors and FEM, Soil Dynamics and Earthquake Engineering, 78, 32-45, 10.1016\/j.soildyn.2015.07.001<\/li>\n<li>Saltogianni, V., Gianniou, M., Taymaz, T., Yolsal-\u00c7evikbilen, S., Stiros, S., 2015. Fault-Slip Source Models for the 2014 Mw 6.9 Samothraki-G\u00f6k\u00e7eada Earthquake (North Aegean Trough) Combining Geodetic and Seismological Observations, Journal of Geophysical Research (Solid Earth), 120(12),\u00a0<a href=\"http:\/\/doi:10.1002\/2015JB012052\">doi:10.1002\/2015JB012052<\/a><\/li>\n<li>Moschas, F, Stiros, S. 2015. Dynamic deflections of a stiff footbridge using 100Hz GNSS and accelerometer data. Journal of Surveying Engineering (ASCE), 141(4),\u00a0<a href=\"http:\/\/dx.doi.org\/10.1061\/(ASCE)SU.1943-5428.0000146\">http:\/\/dx.doi.org\/10.1061\/(ASCE)SU.1943-5428.0000146<\/a><\/li>\n<li>Saltogianni, V., Stiros, S., Newman, A., Flanagan, K., Moschas, F, 2014. Time-space modeling of the dynamics of Santorini volcano (Greece) during the 2011-2012 unrest, Journal of Geophysical Research (Solid Earth) 119, 8517\u20138537, doi:10.1002\/2014JB011409<\/li>\n<li><\/li>\n<\/ul>\n<\/div><div class=\"nav fusion-mobile-tab-nav\"><ul class=\"nav-tabs nav-justified\" role=\"tablist\" aria-orientation=\"horizontal\"><li  role=\"presentation\"><a class=\"tab-link\" data-toggle=\"tab\" role=\"tab\" aria-controls=\"tab-2e1be35ead275a8103c\" aria-selected=\"false\" tabindex=\"-1\" id=\"mobile-fusion-tab-2e1be35ead275a8103c\" href=\"#tab-2e1be35ead275a8103c\"><h4 class=\"fusion-tab-heading\">\u039c\u03b1\u03b8\u03ae\u03bc\u03b1\u03c4\u03b1<\/h4><\/a><\/li><\/ul><\/div><div class=\"tab-pane fade fusion-clearfix\" role=\"tabpanel\" tabindex=\"0\" aria-labelledby=\"fusion-tab-2e1be35ead275a8103c\" id=\"tab-2e1be35ead275a8103c\">\n<p>\u03a0\u03c1\u03bf\u03c0\u03c4\u03c5\u03c7\u03b9\u03b1\u03ba\u03ac \u03bc\u03b1\u03b8\u03ae\u03bc\u03b1\u03c4\u03b1<\/p>\n<ul>\n<li class=\"bullet\"><a class=\"font11_blue\" href=\"https:\/\/www.civil.upatras.gr\/el\/ProptixiakhEkpaideysh\/Mathimata\/BEtos\/entry\/b25cc383-e599-4f48-bb93-51dfb92bdaef\/?PageNo=1\">\u0395\u03b9\u03c3\u03b1\u03b3\u03c9\u03b3\u03ae \u03c3\u03c4\u03b7 \u0393\u03b5\u03c9\u03b4\u03b1\u03b9\u03c3\u03af\u03b1<\/a><\/li>\n<li class=\"bullet\"><a class=\"font11_blue\" href=\"https:\/\/www.civil.upatras.gr\/el\/ProptixiakhEkpaideysh\/Mathimata\/EEtos\/entry\/a8589f39-46e5-44ca-bd43-e957cb30c130\/?PageNo=1\">\u0393\u03b5\u03c9\u03b4\u03b1\u03b9\u03c3\u03af\u03b1<\/a><\/li>\n<li class=\"bullet\"><a class=\"font11_blue\" href=\"https:\/\/www.civil.upatras.gr\/el\/ProptixiakhEkpaideysh\/Mathimata\/EEtos\/entry\/2a638a3e-2a93-417c-aa68-a953d60b2ef5\/?PageNo=1\">\u0393\u03b5\u03c9\u03b4\u03b1\u03b9\u03c4\u03b9\u03ba\u03ad\u03c2 \u0395\u03c6\u03b1\u03c1\u03bc\u03bf\u03b3\u03ad\u03c2<\/a><\/li>\n<\/ul>\n<p>\u039c\u03b5\u03c4\u03b1\u03c0\u03c4\u03c5\u03c7\u03b9\u03b1\u03ba\u03ac \u03bc\u03b1\u03b8\u03ae\u03bc\u03b1\u03c4\u03b1<\/p>\n<ul>\n<li class=\"bullet\"><a class=\"font11_blue\" href=\"https:\/\/www.civil.upatras.gr\/el\/MetaptixiakhEkpaideysh\/Mathimata\/YdatinoiPoroiKaiPerivallon\/entry\/b1bbd190-b2a3-45c1-ba3b-bf95d4ffee55\/?PageNo=1\">\u03a0\u03b5\u03c1\u03b9\u03b2\u03b1\u03bb\u03bb\u03bf\u03bd\u03c4\u03b9\u03ba\u03bf\u03af \u03a0\u03b1\u03c1\u03ac\u03b3\u03bf\u03bd\u03c4\u03b5\u03c2 \u03c3\u03c4\u03bf \u03a3\u03c7\u03b5\u03b4\u03b9\u03b1\u03c3\u03bc\u03cc \u03ba\u03b1\u03b9 \u03c4\u03b7 \u0394\u03b9\u03b1\u03c7\u03b5\u03af\u03c1\u03b9\u03c3\u03b7 \u0392\u03b9\u03ce\u03c3\u03b9\u03bc\u03c9\u03bd \u03a4\u03b5\u03c7\u03bd\u03b9\u03ba\u03ce\u03bd \u03a5\u03c0\u03bf\u03b4\u03bf\u03bc\u03ce\u03bd<\/a><\/li>\n<\/ul>\n<\/div><\/div><\/div><\/div><\/div><\/div><\/div>\n","protected":false},"excerpt":{"rendered":"<p>\u03a3\u03c4\u03b5\u03af\u03c1\u03bf\u03c2 \u03a3\u03c4\u03ac\u03b8\u03b7\u03c2 \u039f\u03bc\u03cc\u03c4\u03b9\u03bc\u03bf\u03c2 \u039a\u03b1\u03b8\u03b7\u03b3\u03b7\u03c4\u03ae\u03c2 \u03a4\u03bc\u03ae\u03bc\u03b1 \u03a0\u03bf\u03bb\u03b9\u03c4\u03b9\u03ba\u03ce\u03bd \u039c\u03b7\u03c7\u03b1\u03bd\u03b9\u03ba\u03ce\u03bd \u03a0\u03b1\u03bd\u03b5\u03c0\u03b9\u03c3\u03c4\u03ae\u03bc\u03b9\u03bf \u03a0\u03b1\u03c4\u03c1\u03ce\u03bd 2610 996511,7787 stiros@upatras.gr<\/p>\n","protected":false},"author":1,"featured_media":0,"parent":0,"menu_order":0,"comment_status":"closed","ping_status":"closed","template":"","meta":{"footnotes":""},"class_list":["post-4691","page","type-page","status-publish","hentry"],"_links":{"self":[{"href":"https:\/\/www.civil.upatras.gr\/index.php\/wp-json\/wp\/v2\/pages\/4691","targetHints":{"allow":["GET"]}}],"collection":[{"href":"https:\/\/www.civil.upatras.gr\/index.php\/wp-json\/wp\/v2\/pages"}],"about":[{"href":"https:\/\/www.civil.upatras.gr\/index.php\/wp-json\/wp\/v2\/types\/page"}],"author":[{"embeddable":true,"href":"https:\/\/www.civil.upatras.gr\/index.php\/wp-json\/wp\/v2\/users\/1"}],"replies":[{"embeddable":true,"href":"https:\/\/www.civil.upatras.gr\/index.php\/wp-json\/wp\/v2\/comments?post=4691"}],"version-history":[{"count":9,"href":"https:\/\/www.civil.upatras.gr\/index.php\/wp-json\/wp\/v2\/pages\/4691\/revisions"}],"predecessor-version":[{"id":7289,"href":"https:\/\/www.civil.upatras.gr\/index.php\/wp-json\/wp\/v2\/pages\/4691\/revisions\/7289"}],"wp:attachment":[{"href":"https:\/\/www.civil.upatras.gr\/index.php\/wp-json\/wp\/v2\/media?parent=4691"}],"curies":[{"name":"wp","href":"https:\/\/api.w.org\/{rel}","templated":true}]}}